{"id":210,"date":"2020-06-18T15:42:57","date_gmt":"2020-06-18T15:42:57","guid":{"rendered":"https:\/\/echteheilung.ch\/home\/"},"modified":"2020-12-14T12:15:10","modified_gmt":"2020-12-14T12:15:10","slug":"home","status":"publish","type":"page","link":"https:\/\/echteheilung.ch\/fr\/","title":{"rendered":"Home"},"content":{"rendered":"\t\t<div data-elementor-type=\"wp-page\" data-elementor-id=\"210\" class=\"elementor elementor-210 elementor-7\">\n\t\t\t\t\t\t<section class=\"elementor-section elementor-top-section elementor-element elementor-element-2d1bd355 elementor-section-stretched header elementor-section-boxed elementor-section-height-default elementor-section-height-default\" data-id=\"2d1bd355\" data-element_type=\"section\" data-e-type=\"section\" data-settings=\"{&quot;stretch_section&quot;:&quot;section-stretched&quot;,&quot;background_background&quot;:&quot;classic&quot;}\">\n\t\t\t\t\t\t<div class=\"elementor-container elementor-column-gap-default\">\n\t\t\t\t\t<div class=\"elementor-column elementor-col-100 elementor-top-column elementor-element elementor-element-6dd86744\" data-id=\"6dd86744\" data-element_type=\"column\" data-e-type=\"column\">\n\t\t\t<div class=\"elementor-widget-wrap elementor-element-populated\">\n\t\t\t\t\t\t<section class=\"elementor-section elementor-inner-section elementor-element elementor-element-5cbb8833 elementor-hidden-desktop elementor-hidden-tablet elementor-section-boxed elementor-section-height-default elementor-section-height-default\" data-id=\"5cbb8833\" data-element_type=\"section\" data-e-type=\"section\">\n\t\t\t\t\t\t<div class=\"elementor-container elementor-column-gap-default\">\n\t\t\t\t\t<div class=\"elementor-column elementor-col-50 elementor-inner-column elementor-element elementor-element-34d2bdfb\" data-id=\"34d2bdfb\" data-element_type=\"column\" data-e-type=\"column\">\n\t\t\t<div class=\"elementor-widget-wrap\">\n\t\t\t\t\t\t\t<\/div>\n\t\t<\/div>\n\t\t\t\t<div class=\"elementor-column elementor-col-50 elementor-inner-column elementor-element elementor-element-228b34f1\" data-id=\"228b34f1\" data-element_type=\"column\" data-e-type=\"column\">\n\t\t\t<div class=\"elementor-widget-wrap elementor-element-populated\">\n\t\t\t\t\t\t<div class=\"elementor-element elementor-element-5ebe94a8 align-right elementor-widget elementor-widget-wpml-language-switcher\" data-id=\"5ebe94a8\" data-element_type=\"widget\" data-e-type=\"widget\" data-widget_type=\"wpml-language-switcher.default\">\n\t\t\t\t<div class=\"elementor-widget-container\">\n\t\t\t\t\t<div class=\"wpml-elementor-ls\">\n<div class=\"wpml-ls-statics-shortcode_actions wpml-ls wpml-ls-legacy-list-horizontal\">\n\t<ul role=\"menu\"><li class=\"wpml-ls-slot-shortcode_actions wpml-ls-item wpml-ls-item-de wpml-ls-first-item wpml-ls-item-legacy-list-horizontal\" role=\"none\">\n\t\t\t\t<a href=\"https:\/\/echteheilung.ch\/\" class=\"wpml-ls-link\" role=\"menuitem\"  aria-label=\"Switch to Allemand\" title=\"Switch to Allemand\" >\n                    <span class=\"wpml-ls-native\" lang=\"de\">Deutsch<\/span><\/a>\n\t\t\t<\/li><li class=\"wpml-ls-slot-shortcode_actions wpml-ls-item wpml-ls-item-en wpml-ls-item-legacy-list-horizontal\" role=\"none\">\n\t\t\t\t<a href=\"https:\/\/echteheilung.ch\/en\/\" class=\"wpml-ls-link\" role=\"menuitem\"  aria-label=\"Switch to Anglais\" title=\"Switch to Anglais\" >\n                    <span class=\"wpml-ls-native\" lang=\"en\">English<\/span><\/a>\n\t\t\t<\/li><li class=\"wpml-ls-slot-shortcode_actions wpml-ls-item wpml-ls-item-fr wpml-ls-current-language wpml-ls-last-item wpml-ls-item-legacy-list-horizontal\" role=\"none\">\n\t\t\t\t<a href=\"https:\/\/echteheilung.ch\/fr\/\" class=\"wpml-ls-link\" role=\"menuitem\" >\n                    <span class=\"wpml-ls-native\" role=\"menuitem\">Fran\u00e7ais<\/span><\/a>\n\t\t\t<\/li><\/ul>\n<\/div>\n<\/div>\t\t\t\t<\/div>\n\t\t\t\t<\/div>\n\t\t\t\t\t<\/div>\n\t\t<\/div>\n\t\t\t\t\t<\/div>\n\t\t<\/section>\n\t\t\t\t<section class=\"elementor-section elementor-inner-section elementor-element elementor-element-fa12b1 elementor-section-full_width elementor-section-height-default elementor-section-height-default\" data-id=\"fa12b1\" data-element_type=\"section\" data-e-type=\"section\">\n\t\t\t\t\t\t<div class=\"elementor-container elementor-column-gap-default\">\n\t\t\t\t\t<div class=\"elementor-column elementor-col-50 elementor-inner-column elementor-element elementor-element-287d3ac0\" data-id=\"287d3ac0\" data-element_type=\"column\" data-e-type=\"column\">\n\t\t\t<div class=\"elementor-widget-wrap elementor-element-populated\">\n\t\t\t\t\t\t<div class=\"elementor-element elementor-element-4202a754 elementor-widget elementor-widget-heading\" data-id=\"4202a754\" data-element_type=\"widget\" data-e-type=\"widget\" data-widget_type=\"heading.default\">\n\t\t\t\t<div class=\"elementor-widget-container\">\n\t\t\t\t\t<h1 class=\"elementor-heading-title elementor-size-medium\"><a href=\"\/fr\/\">LA VRAIE GUERISON<br> SE TROUVE DANS<br> LA LIBERT\u00c9<\/a><\/h1>\t\t\t\t<\/div>\n\t\t\t\t<\/div>\n\t\t\t\t\t<\/div>\n\t\t<\/div>\n\t\t\t\t<div class=\"elementor-column elementor-col-50 elementor-inner-column elementor-element elementor-element-49bafb0c elementor-hidden-phone\" data-id=\"49bafb0c\" data-element_type=\"column\" data-e-type=\"column\">\n\t\t\t<div class=\"elementor-widget-wrap elementor-element-populated\">\n\t\t\t\t\t\t<div class=\"elementor-element elementor-element-ac4dcb9 elementor-widget elementor-widget-wp-widget-nav_menu\" data-id=\"ac4dcb9\" data-element_type=\"widget\" data-e-type=\"widget\" data-widget_type=\"wp-widget-nav_menu.default\">\n\t\t\t\t<div class=\"elementor-widget-container\">\n\t\t\t\t\t<nav class=\"menu-lang-fr-container\" aria-label=\"Menu\"><ul id=\"menu-lang-fr\" class=\"menu\"><li id=\"menu-item-wpml-ls-14-de\" class=\"menu-item wpml-ls-slot-14 wpml-ls-item wpml-ls-item-de wpml-ls-menu-item wpml-ls-first-item menu-item-type-wpml_ls_menu_item menu-item-object-wpml_ls_menu_item menu-item-wpml-ls-14-de\"><a href=\"https:\/\/echteheilung.ch\/\" title=\"Passer \u00e0 Deutsch\" aria-label=\"Passer \u00e0 Deutsch\" role=\"menuitem\" class=\"menu-link\"><span class=\"wpml-ls-native\" lang=\"de\">Deutsch<\/span><\/a><\/li>\n<li id=\"menu-item-wpml-ls-14-en\" class=\"menu-item wpml-ls-slot-14 wpml-ls-item wpml-ls-item-en wpml-ls-menu-item menu-item-type-wpml_ls_menu_item menu-item-object-wpml_ls_menu_item menu-item-wpml-ls-14-en\"><a href=\"https:\/\/echteheilung.ch\/en\/\" title=\"Passer \u00e0 English\" aria-label=\"Passer \u00e0 English\" role=\"menuitem\" class=\"menu-link\"><span class=\"wpml-ls-native\" lang=\"en\">English<\/span><\/a><\/li>\n<li id=\"menu-item-wpml-ls-14-fr\" class=\"menu-item wpml-ls-slot-14 wpml-ls-item wpml-ls-item-fr wpml-ls-current-language wpml-ls-menu-item wpml-ls-last-item menu-item-type-wpml_ls_menu_item menu-item-object-wpml_ls_menu_item menu-item-wpml-ls-14-fr\"><a href=\"https:\/\/echteheilung.ch\/fr\/\" title=\"Passer \u00e0 Fran\u00e7ais\" aria-label=\"Passer \u00e0 Fran\u00e7ais\" role=\"menuitem\" class=\"menu-link\"><span class=\"wpml-ls-native\" lang=\"fr\">Fran\u00e7ais<\/span><\/a><\/li>\n<\/ul><\/nav>\t\t\t\t<\/div>\n\t\t\t\t<\/div>\n\t\t\t\t\t<\/div>\n\t\t<\/div>\n\t\t\t\t\t<\/div>\n\t\t<\/section>\n\t\t\t\t<section class=\"elementor-section elementor-inner-section elementor-element elementor-element-5aa3f42d elementor-section-full_width elementor-section-height-default elementor-section-height-default\" data-id=\"5aa3f42d\" data-element_type=\"section\" data-e-type=\"section\">\n\t\t\t\t\t\t<div class=\"elementor-container elementor-column-gap-default\">\n\t\t\t\t\t<div class=\"elementor-column elementor-col-50 elementor-inner-column elementor-element elementor-element-1c42d346\" data-id=\"1c42d346\" data-element_type=\"column\" data-e-type=\"column\" data-settings=\"{&quot;background_background&quot;:&quot;classic&quot;}\">\n\t\t\t<div class=\"elementor-widget-wrap elementor-element-populated\">\n\t\t\t\t\t\t<div class=\"elementor-element elementor-element-14079d9a elementor-widget elementor-widget-text-editor\" data-id=\"14079d9a\" data-element_type=\"widget\" data-e-type=\"widget\" data-widget_type=\"text-editor.default\">\n\t\t\t\t<div class=\"elementor-widget-container\">\n\t\t\t\t\t\t\t\t\t<p>TENTATIVE D\u2019APPROCHE<br \/>\nDE LA SIGNATURE ET DE L\u2019ESSENCE<br \/>\nDES PLANTES M\u00c9DICINALES.<br \/>\nAVEC DR. ROGER KALBERMATTEN<\/p>\n\t\t\t\t\t\t\t\t<\/div>\n\t\t\t\t<\/div>\n\t\t\t\t<div class=\"elementor-element elementor-element-12e281ee elementor-widget elementor-widget-text-editor\" data-id=\"12e281ee\" data-element_type=\"widget\" data-e-type=\"widget\" data-widget_type=\"text-editor.default\">\n\t\t\t\t<div class=\"elementor-widget-container\">\n\t\t\t\t\t\t\t\t\t<p>un film de Renata Keller<\/p>\n\t\t\t\t\t\t\t\t<\/div>\n\t\t\t\t<\/div>\n\t\t\t\t\t<\/div>\n\t\t<\/div>\n\t\t\t\t<div class=\"elementor-column elementor-col-50 elementor-inner-column elementor-element elementor-element-49810a25 elementor-hidden-phone\" data-id=\"49810a25\" data-element_type=\"column\" data-e-type=\"column\">\n\t\t\t<div class=\"elementor-widget-wrap elementor-element-populated\">\n\t\t\t\t\t\t<div class=\"elementor-element elementor-element-30b2f35 elementor-widget elementor-widget-wp-widget-nav_menu\" data-id=\"30b2f35\" data-element_type=\"widget\" data-e-type=\"widget\" data-widget_type=\"wp-widget-nav_menu.default\">\n\t\t\t\t<div class=\"elementor-widget-container\">\n\t\t\t\t\t<nav class=\"menu-nav-fr-container\" aria-label=\"Menu\"><ul id=\"menu-nav-fr\" class=\"menu\"><li id=\"menu-item-337\" class=\"menu-item menu-item-type-custom menu-item-object-custom menu-item-337\"><a href=\"https:\/\/www.info3-shop.de\/produkt\/echte-heilung-findet-in-freiheit-statt\/\" class=\"menu-link\">DVD<\/a><\/li>\n<li id=\"menu-item-222\" class=\"menu-item menu-item-type-post_type menu-item-object-page menu-item-222\"><a href=\"https:\/\/echteheilung.ch\/fr\/bonus\/\" class=\"menu-link\">Bonus<\/a><\/li>\n<li id=\"menu-item-221\" class=\"menu-item menu-item-type-post_type menu-item-object-page menu-item-221\"><a href=\"https:\/\/echteheilung.ch\/fr\/about\/\" class=\"menu-link\">About<\/a><\/li>\n<li id=\"menu-item-220\" class=\"menu-item menu-item-type-post_type menu-item-object-page menu-item-220\"><a href=\"https:\/\/echteheilung.ch\/fr\/impressum\/\" class=\"menu-link\">Impressum<\/a><\/li>\n<\/ul><\/nav>\t\t\t\t<\/div>\n\t\t\t\t<\/div>\n\t\t\t\t\t<\/div>\n\t\t<\/div>\n\t\t\t\t\t<\/div>\n\t\t<\/section>\n\t\t\t\t\t<\/div>\n\t\t<\/div>\n\t\t\t\t\t<\/div>\n\t\t<\/section>\n\t\t\t\t<section class=\"elementor-section elementor-top-section elementor-element elementor-element-c0cf128 green-bg elementor-section-boxed elementor-section-height-default elementor-section-height-default\" data-id=\"c0cf128\" data-element_type=\"section\" data-e-type=\"section\" data-settings=\"{&quot;background_background&quot;:&quot;classic&quot;}\">\n\t\t\t\t\t\t<div class=\"elementor-container elementor-column-gap-default\">\n\t\t\t\t\t<div class=\"elementor-column elementor-col-100 elementor-top-column elementor-element elementor-element-7afa206\" data-id=\"7afa206\" data-element_type=\"column\" data-e-type=\"column\">\n\t\t\t<div class=\"elementor-widget-wrap elementor-element-populated\">\n\t\t\t\t\t\t<div class=\"elementor-element elementor-element-a22d843 elementor-widget elementor-widget-text-editor\" data-id=\"a22d843\" data-element_type=\"widget\" data-e-type=\"widget\" data-widget_type=\"text-editor.default\">\n\t\t\t\t<div class=\"elementor-widget-container\">\n\t\t\t\t\t\t\t\t\t<p>Biochimiste et chercheur <strong><a href=\"https:\/\/echteheilung.ch\/fr\/about\/\">Roger Kalbermatten<\/a><\/strong> ressent depuis son plus jeune \u00e2ge une curiosit\u00e9 profonde \u00e0 l\u2019\u00e9gard des processus et syst\u00e8mes de la vie. Il s\u2019est plong\u00e9 dans le secret des forces curatives de la nature, il a explor\u00e9 les diff\u00e9rents composants actifs et signatures des plantes en analysant aussi leurs effets sur l\u2019\u00eatre humain. La r\u00e9alisatrice du film <strong><a href=\"https:\/\/echteheilung.ch\/fr\/about\/\">Renata Keller<\/a><\/strong> accompagne, avec une grande sensibilit\u00e9 po\u00e9tique, ses travaux. A travers une approche artistique, m\u00ealant contemplation et force visuelle, le film se penche sur la question de l\u2019origine des forces curatives et de tranformation de l\u2019essence des plantes m\u00e9dicinales. Cela permet au spectateur que nous sommes, d\u2019entrer en contact avec nous-m\u00eames et avec la nature, dans une attitude d\u2019ouverture et de questionnement b\u00e9n\u00e9fiques pour notre sant\u00e9. Le film montre \u00e9galement gr\u00e2ce \u00e0 des exemples concrets comment nous pouvons aborder les plantes m\u00e9dicinales et lire leur signature.<\/p>\n\t\t\t\t\t\t\t\t<\/div>\n\t\t\t\t<\/div>\n\t\t\t\t\t<\/div>\n\t\t<\/div>\n\t\t\t\t\t<\/div>\n\t\t<\/section>\n\t\t\t\t<section class=\"elementor-section elementor-top-section elementor-element elementor-element-3b1e660 elementor-section-stretched elementor-section-boxed elementor-section-height-default elementor-section-height-default\" data-id=\"3b1e660\" data-element_type=\"section\" data-e-type=\"section\" data-settings=\"{&quot;stretch_section&quot;:&quot;section-stretched&quot;,&quot;background_background&quot;:&quot;classic&quot;}\">\n\t\t\t\t\t\t\t<div class=\"elementor-background-overlay\"><\/div>\n\t\t\t\t\t\t\t<div class=\"elementor-container elementor-column-gap-default\">\n\t\t\t\t\t<div class=\"elementor-column elementor-col-50 elementor-top-column elementor-element elementor-element-780cc2d\" data-id=\"780cc2d\" data-element_type=\"column\" data-e-type=\"column\">\n\t\t\t<div class=\"elementor-widget-wrap elementor-element-populated\">\n\t\t\t\t\t\t<div class=\"elementor-element elementor-element-deec9f3 elementor-widget elementor-widget-heading\" data-id=\"deec9f3\" data-element_type=\"widget\" data-e-type=\"widget\" data-widget_type=\"heading.default\">\n\t\t\t\t<div class=\"elementor-widget-container\">\n\t\t\t\t\t<h2 class=\"elementor-heading-title elementor-size-default\">TRAILER <\/h2>\t\t\t\t<\/div>\n\t\t\t\t<\/div>\n\t\t\t\t<div class=\"elementor-element elementor-element-8a7f8db elementor-widget elementor-widget-video\" data-id=\"8a7f8db\" data-element_type=\"widget\" data-e-type=\"widget\" data-settings=\"{&quot;video_type&quot;:&quot;vimeo&quot;}\" data-widget_type=\"video.default\">\n\t\t\t\t<div class=\"elementor-widget-container\">\n\t\t\t\t\t\t\t<div class=\"elementor-wrapper elementor-open-inline\">\n\t\t\t<iframe class=\"elementor-video-iframe\" allowfullscreen allow=\"clipboard-write\" title=\"Lecteur vid\u00e9o vimeo\" src=\"https:\/\/player.vimeo.com\/video\/428677434?color&amp;autopause=0&amp;loop=0&amp;muted=0&amp;title=1&amp;portrait=1&amp;byline=1#t=\"><\/iframe>\t\t<\/div>\n\t\t\t\t\t\t<\/div>\n\t\t\t\t<\/div>\n\t\t\t\t<div class=\"elementor-element elementor-element-da57ddb elementor-align-center elementor-widget elementor-widget-button\" data-id=\"da57ddb\" data-element_type=\"widget\" data-e-type=\"widget\" data-widget_type=\"button.default\">\n\t\t\t\t<div class=\"elementor-widget-container\">\n\t\t\t\t\t\t\t\t\t<div class=\"elementor-button-wrapper\">\n\t\t\t\t\t<a class=\"elementor-button elementor-button-link elementor-size-sm\" href=\"https:\/\/vimeo.com\/430284607\" target=\"_blank\">\n\t\t\t\t\t\t<span class=\"elementor-button-content-wrapper\">\n\t\t\t\t\t\t\t\t\t<span class=\"elementor-button-text\"><b>Cliquez ici pour le film principal<\/b> (gratuit)<\/span>\n\t\t\t\t\t<\/span>\n\t\t\t\t\t<\/a>\n\t\t\t\t<\/div>\n\t\t\t\t\t\t\t\t<\/div>\n\t\t\t\t<\/div>\n\t\t\t\t\t<\/div>\n\t\t<\/div>\n\t\t\t\t<div class=\"elementor-column elementor-col-50 elementor-top-column elementor-element elementor-element-553954c\" data-id=\"553954c\" data-element_type=\"column\" data-e-type=\"column\">\n\t\t\t<div class=\"elementor-widget-wrap elementor-element-populated\">\n\t\t\t\t\t\t<div class=\"elementor-element elementor-element-4ff9bec green-bg elementor-widget elementor-widget-text-editor\" data-id=\"4ff9bec\" data-element_type=\"widget\" data-e-type=\"widget\" data-widget_type=\"text-editor.default\">\n\t\t\t\t<div class=\"elementor-widget-container\">\n\t\t\t\t\t\t\t\t\t<p style=\"text-align: center;\"><strong><a href=\"https:\/\/www.info3-shop.de\/produkt\/echte-heilung-findet-in-freiheit-statt\/\" target=\"_blank\" rel=\"noopener\">DVD en allemand avec sous-titres anglais et fran\u00e7ais disponible ici.<\/a><\/p>\n<p><a href=\"https:\/\/www.info3-shop.de\/produkt\/echte-heilung-findet-in-freiheit-statt\/\" target=\"_blank\" rel=\"noopener\">DVD (Suisse)<\/a><\/strong><\/p>\n\t\t\t\t\t\t\t\t<\/div>\n\t\t\t\t<\/div>\n\t\t\t\t\t<\/div>\n\t\t<\/div>\n\t\t\t\t\t<\/div>\n\t\t<\/section>\n\t\t\t\t<section class=\"elementor-section elementor-top-section elementor-element elementor-element-66f4780 elementor-section-boxed elementor-section-height-default elementor-section-height-default\" data-id=\"66f4780\" data-element_type=\"section\" data-e-type=\"section\" data-settings=\"{&quot;background_background&quot;:&quot;classic&quot;}\">\n\t\t\t\t\t\t<div class=\"elementor-container elementor-column-gap-default\">\n\t\t\t\t\t<div class=\"elementor-column elementor-col-100 elementor-top-column elementor-element elementor-element-33a7bf1\" data-id=\"33a7bf1\" data-element_type=\"column\" data-e-type=\"column\">\n\t\t\t<div class=\"elementor-widget-wrap elementor-element-populated\">\n\t\t\t\t\t\t<div class=\"elementor-element elementor-element-ce99253 elementor-widget elementor-widget-text-editor\" data-id=\"ce99253\" data-element_type=\"widget\" data-e-type=\"widget\" data-widget_type=\"text-editor.default\">\n\t\t\t\t<div class=\"elementor-widget-container\">\n\t\t\t\t\t\t\t\t\t<div>\u201eIl\u2018y a l\u2018ignorance, le savoir et le non-savoir.\u201c<\/div>\n\t\t\t\t\t\t\t\t<\/div>\n\t\t\t\t<\/div>\n\t\t\t\t<div class=\"elementor-element elementor-element-e600cde elementor-widget elementor-widget-text-editor\" data-id=\"e600cde\" data-element_type=\"widget\" data-e-type=\"widget\" data-widget_type=\"text-editor.default\">\n\t\t\t\t<div class=\"elementor-widget-container\">\n\t\t\t\t\t\t\t\t\t<p>Dr. Roger Kalbermatten<\/p>\n\t\t\t\t\t\t\t\t<\/div>\n\t\t\t\t<\/div>\n\t\t\t\t\t<\/div>\n\t\t<\/div>\n\t\t\t\t\t<\/div>\n\t\t<\/section>\n\t\t\t\t<section class=\"elementor-section elementor-top-section elementor-element elementor-element-7527767 elementor-section-boxed elementor-section-height-default elementor-section-height-default\" data-id=\"7527767\" data-element_type=\"section\" data-e-type=\"section\" data-settings=\"{&quot;background_background&quot;:&quot;classic&quot;}\">\n\t\t\t\t\t\t<div class=\"elementor-container elementor-column-gap-default\">\n\t\t\t\t\t<div class=\"elementor-column elementor-col-100 elementor-top-column elementor-element elementor-element-56fea6e\" data-id=\"56fea6e\" data-element_type=\"column\" data-e-type=\"column\">\n\t\t\t<div class=\"elementor-widget-wrap elementor-element-populated\">\n\t\t\t\t\t\t<div class=\"elementor-element elementor-element-f2b24fa elementor-widget elementor-widget-text-editor\" data-id=\"f2b24fa\" data-element_type=\"widget\" data-e-type=\"widget\" data-widget_type=\"text-editor.default\">\n\t\t\t\t<div class=\"elementor-widget-container\">\n\t\t\t\t\t\t\t\t\t<p><strong>L&rsquo;ORDRE DE LA NATURE<\/strong><\/p>\n<p><strong>1er ordre des 4 \u00e9l\u00e9ments<\/strong><br \/>\nTerre, eau, air, feu. Racine, feuille, fleur, fruit.<br \/>\nCorps physique, corps de vie, corps \u00e9motionnel.<br \/>\nComment se rapportent-ils les uns aux autres?<\/p>\n<p><strong>2. La forme et la signature de la plante<\/strong><br \/>\nOrdre cosmique. Le jeu entre le yin (mouvement circulaire) et le yang (rayon).<br \/>\nQuelles formes dominent? Qu&rsquo;est-ce qui fait bouger la psych\u00e9? Quels mod\u00e8les prend le mouvement?<\/p>\n<p><strong>LA TRANSFORMATION<\/strong><\/p>\n<p><strong>3. D\u00e9veloppement &#8211; diff\u00e9renciation<\/strong><br \/>\nQuelle est la diff\u00e9rence entre les formes, les couleurs et les parfums?<br \/>\nLes fleurs: comment sont-elles f\u00e9cond\u00e9es et se dess\u00e8chent-elles?<\/p>\n<p><strong>4. M\u00e9tamorphose<\/strong><br \/>\nProcessus d&rsquo;incendie &#8211; transformation (changement de forme).<br \/>\nLe feu int\u00e9rieur br\u00fble-t-il correctement?<\/p>\n<p><strong>5. La totalit\u00e9<\/strong><br \/>\nR\u00e9sonance entre l&rsquo;esprit de la plante et l&rsquo;esprit de l&rsquo;homme.<br \/>\nEst-ce que je connais ma v\u00e9ritable identit\u00e9?<\/p>\n\t\t\t\t\t\t\t\t<\/div>\n\t\t\t\t<\/div>\n\t\t\t\t\t<\/div>\n\t\t<\/div>\n\t\t\t\t\t<\/div>\n\t\t<\/section>\n\t\t\t\t<section class=\"elementor-section elementor-top-section elementor-element elementor-element-40be8212 green-bg elementor-section-boxed elementor-section-height-default elementor-section-height-default\" data-id=\"40be8212\" data-element_type=\"section\" data-e-type=\"section\" data-settings=\"{&quot;background_background&quot;:&quot;classic&quot;}\">\n\t\t\t\t\t\t<div class=\"elementor-container elementor-column-gap-default\">\n\t\t\t\t\t<div class=\"elementor-column elementor-col-100 elementor-top-column elementor-element elementor-element-612890aa\" data-id=\"612890aa\" data-element_type=\"column\" data-e-type=\"column\">\n\t\t\t<div class=\"elementor-widget-wrap elementor-element-populated\">\n\t\t\t\t\t\t<div class=\"elementor-element elementor-element-6256b37b elementor-widget elementor-widget-text-editor\" data-id=\"6256b37b\" data-element_type=\"widget\" data-e-type=\"widget\" data-widget_type=\"text-editor.default\">\n\t\t\t\t<div class=\"elementor-widget-container\">\n\t\t\t\t\t\t\t\t\t<p>\u00a9\u00a0Vertical Impulse 2019 et Ceres Heilmittel AG (<a href=\"https:\/\/www.ceresheilmittel.ch\/\" target=\"_blank\" rel=\"noopener\">www.ceresheilmittel.ch<\/a>)<\/p>\n\t\t\t\t\t\t\t\t<\/div>\n\t\t\t\t<\/div>\n\t\t\t\t\t<\/div>\n\t\t<\/div>\n\t\t\t\t\t<\/div>\n\t\t<\/section>\n\t\t\t\t<\/div>\n\t\t","protected":false},"excerpt":{"rendered":"<p>Rezensionen Bonusfilme About Impressum Deutsch English Fran\u00e7ais LA VRAIE GUERISON SE TROUVE DANS LA LIBERT\u00c9 TENTATIVE D\u2019APPROCHE DE LA SIGNATURE ET DE L\u2019ESSENCE DES PLANTES M\u00c9DICINALES. AVEC DR. ROGER KALBERMATTEN un film de Renata Keller Biochimiste et chercheur Roger Kalbermatten ressent depuis son plus jeune \u00e2ge une curiosit\u00e9 profonde \u00e0 l\u2019\u00e9gard des processus et syst\u00e8mes [&hellip;]<\/p>\n","protected":false},"author":1,"featured_media":0,"parent":0,"menu_order":0,"comment_status":"closed","ping_status":"closed","template":"elementor_canvas","meta":{"site-sidebar-layout":"no-sidebar","site-content-layout":"page-builder","ast-site-content-layout":"default","site-content-style":"default","site-sidebar-style":"default","ast-global-header-display":"","ast-banner-title-visibility":"","ast-main-header-display":"","ast-hfb-above-header-display":"","ast-hfb-below-header-display":"","ast-hfb-mobile-header-display":"","site-post-title":"disabled","ast-breadcrumbs-content":"","ast-featured-img":"disabled","footer-sml-layout":"","theme-transparent-header-meta":"default","adv-header-id-meta":"","stick-header-meta":"","header-above-stick-meta":"","header-main-stick-meta":"","header-below-stick-meta":"","astra-migrate-meta-layouts":"default","ast-page-background-enabled":"default","ast-page-background-meta":{"desktop":{"background-color":"","background-image":"","background-repeat":"repeat","background-position":"center center","background-size":"auto","background-attachment":"scroll","background-type":"","background-media":"","overlay-type":"","overlay-color":"","overlay-opacity":"","overlay-gradient":""},"tablet":{"background-color":"","background-image":"","background-repeat":"repeat","background-position":"center center","background-size":"auto","background-attachment":"scroll","background-type":"","background-media":"","overlay-type":"","overlay-color":"","overlay-opacity":"","overlay-gradient":""},"mobile":{"background-color":"","background-image":"","background-repeat":"repeat","background-position":"center center","background-size":"auto","background-attachment":"scroll","background-type":"","background-media":"","overlay-type":"","overlay-color":"","overlay-opacity":"","overlay-gradient":""}},"ast-content-background-meta":{"desktop":{"background-color":"var(--ast-global-color-5)","background-image":"","background-repeat":"repeat","background-position":"center center","background-size":"auto","background-attachment":"scroll","background-type":"","background-media":"","overlay-type":"","overlay-color":"","overlay-opacity":"","overlay-gradient":""},"tablet":{"background-color":"var(--ast-global-color-5)","background-image":"","background-repeat":"repeat","background-position":"center center","background-size":"auto","background-attachment":"scroll","background-type":"","background-media":"","overlay-type":"","overlay-color":"","overlay-opacity":"","overlay-gradient":""},"mobile":{"background-color":"var(--ast-global-color-5)","background-image":"","background-repeat":"repeat","background-position":"center center","background-size":"auto","background-attachment":"scroll","background-type":"","background-media":"","overlay-type":"","overlay-color":"","overlay-opacity":"","overlay-gradient":""}},"footnotes":""},"class_list":["post-210","page","type-page","status-publish","hentry"],"_links":{"self":[{"href":"https:\/\/echteheilung.ch\/fr\/wp-json\/wp\/v2\/pages\/210","targetHints":{"allow":["GET"]}}],"collection":[{"href":"https:\/\/echteheilung.ch\/fr\/wp-json\/wp\/v2\/pages"}],"about":[{"href":"https:\/\/echteheilung.ch\/fr\/wp-json\/wp\/v2\/types\/page"}],"author":[{"embeddable":true,"href":"https:\/\/echteheilung.ch\/fr\/wp-json\/wp\/v2\/users\/1"}],"replies":[{"embeddable":true,"href":"https:\/\/echteheilung.ch\/fr\/wp-json\/wp\/v2\/comments?post=210"}],"version-history":[{"count":14,"href":"https:\/\/echteheilung.ch\/fr\/wp-json\/wp\/v2\/pages\/210\/revisions"}],"predecessor-version":[{"id":334,"href":"https:\/\/echteheilung.ch\/fr\/wp-json\/wp\/v2\/pages\/210\/revisions\/334"}],"wp:attachment":[{"href":"https:\/\/echteheilung.ch\/fr\/wp-json\/wp\/v2\/media?parent=210"}],"curies":[{"name":"wp","href":"https:\/\/api.w.org\/{rel}","templated":true}]}}